{"id":4117,"date":"2023-07-04T16:38:30","date_gmt":"2023-07-04T14:38:30","guid":{"rendered":"https:\/\/3kd7.wp03.fastdigitalws.net\/sobre-nosaltres\/"},"modified":"2023-07-19T15:14:34","modified_gmt":"2023-07-19T13:14:34","slug":"sobre-nosaltres","status":"publish","type":"page","link":"https:\/\/3kd7.wp03.fastdigitalws.net\/es\/sobre-nosaltres\/","title":{"rendered":"Sobre nosaltres"},"content":{"rendered":"<p><div class=\"fusion-fullwidth fullwidth-box fusion-builder-row-1 fusion-flex-container has-pattern-background has-mask-background nonhundred-percent-fullwidth non-hundred-percent-height-scrolling\" style=\"--awb-border-radius-top-left:0px;--awb-border-radius-top-right:0px;--awb-border-radius-bottom-right:0px;--awb-border-radius-bottom-left:0px;--awb-margin-top:140px;--awb-flex-wrap:wrap;\" ><div class=\"fusion-builder-row fusion-row fusion-flex-align-items-center fusion-flex-content-wrap\" style=\"max-width:1248px;margin-left: calc(-4% \/ 2 );margin-right: calc(-4% \/ 2 );\"><div class=\"fusion-layout-column fusion_builder_column fusion-builder-column-0 fusion_builder_column_1_2 1_2 fusion-flex-column\" style=\"--awb-bg-size:cover;--awb-width-large:50%;--awb-margin-top-large:0px;--awb-spacing-right-large:3.84%;--awb-margin-bottom-large:20px;--awb-spacing-left-large:3.84%;--awb-width-medium:50%;--awb-order-medium:0;--awb-spacing-right-medium:3.84%;--awb-spacing-left-medium:3.84%;--awb-width-small:100%;--awb-order-small:0;--awb-spacing-right-small:1.92%;--awb-spacing-left-small:1.92%;\"><div class=\"fusion-column-wrapper fusion-column-has-shadow fusion-flex-justify-content-flex-start fusion-content-layout-column\"><div class=\"fusion-title title fusion-title-1 fusion-sep-none fusion-title-text fusion-title-size-two\" style=\"--awb-margin-top:0px;\"><h2 class=\"fusion-title-heading title-heading-left\" style=\"margin:0;\"><span style=\"color: var(--awb-text-color); font-family: var(--h2_typography-font-family); font-size: 1em; font-style: var(--h2_typography-font-style,normal); font-weight: var(--h2_typography-font-weight); letter-spacing: var(--h2_typography-letter-spacing); text-transform: var(--h2_typography-text-transform); background-color: var(--awb-bg-color-hover);\">C\u00e0mpings de Barcelona<\/span><\/h2><\/div><div class=\"fusion-text fusion-text-1 fusion-text-no-margin\" style=\"--awb-line-height:25px;--awb-margin-bottom:30px;\"><p>La prov\u00edncia de Barcelona agrupa un nombre important de c\u00e0mpings que es troben ubicats arreu del territori.<\/p>\n<p>Veur\u00e0s que molts d\u2019ells estan a prop d\u2019alguns dels paisatges m\u00e9s bonics de Catalunya, envoltats de natura, i alhora amb un tracte familiar i proper que et faran sentir com a casa.<\/p>\n<p>Podr\u00e0s gaudir d\u2019allotjar-te en espais tan meravellosos com el Parc Natural del Montseny, el Parc Natural del Garraf, o les precioses platges del litoral de la prov\u00edncia de Barcelona.<\/p>\n<p>S\u00f3n establiments en els que hi trobar\u00e0s instal\u00b7lacions i serveis de primer nivell, que seran l\u2019entreteniment ideal per a pares i fills.<\/p>\n<p>Podr\u00e0s venir amb la teva caravana o autocaravana, si prefereixes podr\u00e0s allotjar-te en bungalows, o si vols provar una experi\u00e8ncia \u00fanica, trobar\u00e0s gl\u00e0mping a la teva disposici\u00f3, i sempre amb un tracte de qualitat.<\/p>\n<p>Piscines, tobogans aqu\u00e0tics, Restaurants, Zones esportives, Animaci\u00f3, Supermercat,&#8230; faran que visquis els moments m\u00e0gics que desitges al llarg de la teva estada.<\/p>\n<p>Els C\u00e0mpings de Barcelona, prenent consci\u00e8ncia dels moments en que ens trobem, hem adoptat un ferm comprom\u00eds amb la sostenibilitat, incorporant l\u2019\u00fas d\u2019energies verdes, sistemes de recollida selectiva i m\u00e8todes d\u2019aprofitament i recuperaci\u00f3 de l\u2019aigua.<\/p>\n<p>Les teves vacances ideals es troben als C\u00e0mpings de Barcelona.<\/p>\n<\/div><\/div><\/div><div class=\"fusion-layout-column fusion_builder_column fusion-builder-column-1 fusion_builder_column_1_2 1_2 fusion-flex-column\" style=\"--awb-bg-size:cover;--awb-width-large:50%;--awb-margin-top-large:0px;--awb-spacing-right-large:3.84%;--awb-margin-bottom-large:20px;--awb-spacing-left-large:3.84%;--awb-width-medium:50%;--awb-order-medium:0;--awb-spacing-right-medium:3.84%;--awb-spacing-left-medium:3.84%;--awb-width-small:100%;--awb-order-small:0;--awb-spacing-right-small:1.92%;--awb-spacing-left-small:1.92%;\" data-motion-effects=\"[{&quot;type&quot;:&quot;&quot;,&quot;scroll_type&quot;:&quot;transition&quot;,&quot;scroll_direction&quot;:&quot;up&quot;,&quot;transition_speed&quot;:&quot;1&quot;,&quot;fade_type&quot;:&quot;in&quot;,&quot;scale_type&quot;:&quot;up&quot;,&quot;initial_scale&quot;:&quot;1&quot;,&quot;max_scale&quot;:&quot;1.5&quot;,&quot;min_scale&quot;:&quot;0.5&quot;,&quot;initial_rotate&quot;:&quot;0&quot;,&quot;end_rotate&quot;:&quot;30&quot;,&quot;initial_blur&quot;:&quot;0&quot;,&quot;end_blur&quot;:&quot;3&quot;,&quot;start_element&quot;:&quot;top&quot;,&quot;start_viewport&quot;:&quot;bottom&quot;,&quot;end_element&quot;:&quot;bottom&quot;,&quot;end_viewport&quot;:&quot;top&quot;,&quot;mouse_effect&quot;:&quot;track&quot;,&quot;mouse_effect_direction&quot;:&quot;opposite&quot;,&quot;mouse_effect_speed&quot;:&quot;2&quot;,&quot;infinite_animation&quot;:&quot;float&quot;,&quot;infinite_animation_speed&quot;:&quot;2&quot;}]\" data-scroll-devices=\"small-visibility,medium-visibility,large-visibility\"><div class=\"fusion-column-wrapper fusion-column-has-shadow fusion-flex-justify-content-flex-end fusion-content-layout-column\"><div class=\"fusion-image-element \" style=\"text-align:center;--awb-caption-title-font-family:var(--h2_typography-font-family);--awb-caption-title-font-weight:var(--h2_typography-font-weight);--awb-caption-title-font-style:var(--h2_typography-font-style);--awb-caption-title-size:var(--h2_typography-font-size);--awb-caption-title-transform:var(--h2_typography-text-transform);--awb-caption-title-line-height:var(--h2_typography-line-height);--awb-caption-title-letter-spacing:var(--h2_typography-letter-spacing);\"><span class=\" fusion-imageframe imageframe-none imageframe-1 hover-type-none\" style=\"border-radius:16px;\"><img decoding=\"async\" width=\"717\" height=\"778\" title=\"cta Benvingut als C\u00e0mpings de Barcelona\" src=\"https:\/\/3kd7.wp03.fastdigitalws.net\/wp-content\/uploads\/2023\/07\/cta-Benvingut-als-Campings-de-Barcelona.png\" data-orig-src=\"http:\/\/3kd7.wp03.fastdigitalws.net\/wp-content\/uploads\/2023\/07\/cta-Benvingut-als-Campings-de-Barcelona.png\" alt class=\"lazyload img-responsive wp-image-4331\" srcset=\"data:image\/svg+xml,%3Csvg%20xmlns%3D%27http%3A%2F%2Fwww.w3.org%2F2000%2Fsvg%27%20width%3D%27717%27%20height%3D%27778%27%20viewBox%3D%270%200%20717%20778%27%3E%3Crect%20width%3D%27717%27%20height%3D%27778%27%20fill-opacity%3D%220%22%2F%3E%3C%2Fsvg%3E\" data-srcset=\"https:\/\/3kd7.wp03.fastdigitalws.net\/wp-content\/uploads\/2023\/07\/cta-Benvingut-als-Campings-de-Barcelona-200x217.png 200w, https:\/\/3kd7.wp03.fastdigitalws.net\/wp-content\/uploads\/2023\/07\/cta-Benvingut-als-Campings-de-Barcelona-400x434.png 400w, https:\/\/3kd7.wp03.fastdigitalws.net\/wp-content\/uploads\/2023\/07\/cta-Benvingut-als-Campings-de-Barcelona-600x651.png 600w, https:\/\/3kd7.wp03.fastdigitalws.net\/wp-content\/uploads\/2023\/07\/cta-Benvingut-als-Campings-de-Barcelona.png 717w\" data-sizes=\"auto\" data-orig-sizes=\"(max-width: 640px) 100vw, 600px\" \/><\/span><\/div><\/div><\/div><\/div><\/div><div class=\"fusion-fullwidth fullwidth-box fusion-builder-row-2 fusion-flex-container has-pattern-background has-mask-background nonhundred-percent-fullwidth non-hundred-percent-height-scrolling\" style=\"--awb-border-radius-top-left:0px;--awb-border-radius-top-right:0px;--awb-border-radius-bottom-right:0px;--awb-border-radius-bottom-left:0px;--awb-flex-wrap:wrap;\" ><div class=\"fusion-builder-row fusion-row fusion-flex-align-items-flex-start fusion-flex-content-wrap\" style=\"max-width:1248px;margin-left: calc(-4% \/ 2 );margin-right: calc(-4% \/ 2 );\"><\/div><\/div><\/p>\n","protected":false},"excerpt":{"rendered":"","protected":false},"author":2,"featured_media":224,"parent":0,"menu_order":0,"comment_status":"closed","ping_status":"closed","template":"100-width.php","meta":{"footnotes":""},"class_list":["post-4117","page","type-page","status-publish","has-post-thumbnail","hentry"],"acf":[],"yoast_head":"<!-- This site is optimized with the Yoast SEO plugin v20.11 - https:\/\/yoast.com\/wordpress\/plugins\/seo\/ -->\n<title>Sobre nosaltres - Associaci\u00f3n de C\u00e1mpings y C.V. de Barcelona<\/title>\n<meta name=\"robots\" content=\"noindex, follow, max-snippet:-1, max-image-preview:large, max-video-preview:-1\" \/>\n<meta property=\"og:locale\" content=\"es_ES\" \/>\n<meta property=\"og:type\" content=\"article\" \/>\n<meta property=\"og:title\" content=\"Sobre nosaltres - Associaci\u00f3n de C\u00e1mpings y C.V. de Barcelona\" \/>\n<meta property=\"og:url\" content=\"https:\/\/3kd7.wp03.fastdigitalws.net\/es\/sobre-nosaltres\/\" \/>\n<meta property=\"og:site_name\" content=\"Associaci\u00f3n de C\u00e1mpings y C.V. de Barcelona\" \/>\n<meta property=\"article:modified_time\" content=\"2023-07-19T13:14:34+00:00\" \/>\n<meta property=\"og:image\" content=\"http:\/\/3kd7.wp03.fastdigitalws.net\/wp-content\/uploads\/2023\/03\/img-header-home.jpg\" \/>\n\t<meta property=\"og:image:width\" content=\"1440\" \/>\n\t<meta property=\"og:image:height\" content=\"880\" \/>\n\t<meta property=\"og:image:type\" content=\"image\/jpeg\" \/>\n<meta name=\"twitter:card\" content=\"summary_large_image\" \/>\n<meta name=\"twitter:label1\" content=\"Tiempo de lectura\" \/>\n\t<meta name=\"twitter:data1\" content=\"7 minutos\" \/>\n<script type=\"application\/ld+json\" class=\"yoast-schema-graph\">{\"@context\":\"https:\/\/schema.org\",\"@graph\":[{\"@type\":\"WebPage\",\"@id\":\"https:\/\/3kd7.wp03.fastdigitalws.net\/es\/sobre-nosaltres\/\",\"url\":\"https:\/\/3kd7.wp03.fastdigitalws.net\/es\/sobre-nosaltres\/\",\"name\":\"Sobre nosaltres - Associaci\u00f3n de C\u00e1mpings y C.V. de Barcelona\",\"isPartOf\":{\"@id\":\"https:\/\/3kd7.wp03.fastdigitalws.net\/es\/#website\"},\"datePublished\":\"2023-07-04T14:38:30+00:00\",\"dateModified\":\"2023-07-19T13:14:34+00:00\",\"breadcrumb\":{\"@id\":\"https:\/\/3kd7.wp03.fastdigitalws.net\/es\/sobre-nosaltres\/#breadcrumb\"},\"inLanguage\":\"es\",\"potentialAction\":[{\"@type\":\"ReadAction\",\"target\":[\"https:\/\/3kd7.wp03.fastdigitalws.net\/es\/sobre-nosaltres\/\"]}]},{\"@type\":\"BreadcrumbList\",\"@id\":\"https:\/\/3kd7.wp03.fastdigitalws.net\/es\/sobre-nosaltres\/#breadcrumb\",\"itemListElement\":[{\"@type\":\"ListItem\",\"position\":1,\"name\":\"Inici\",\"item\":\"https:\/\/3kd7.wp03.fastdigitalws.net\/es\/\"},{\"@type\":\"ListItem\",\"position\":2,\"name\":\"Sobre nosaltres\"}]},{\"@type\":\"WebSite\",\"@id\":\"https:\/\/3kd7.wp03.fastdigitalws.net\/es\/#website\",\"url\":\"https:\/\/3kd7.wp03.fastdigitalws.net\/es\/\",\"name\":\"Associaci\u00f3n de C\u00e1mpings y C.V. de Barcelona\",\"description\":\"\",\"potentialAction\":[{\"@type\":\"SearchAction\",\"target\":{\"@type\":\"EntryPoint\",\"urlTemplate\":\"https:\/\/3kd7.wp03.fastdigitalws.net\/es\/?s={search_term_string}\"},\"query-input\":\"required name=search_term_string\"}],\"inLanguage\":\"es\"}]}<\/script>\n<!-- \/ Yoast SEO plugin. -->","yoast_head_json":{"title":"Sobre nosaltres - Associaci\u00f3n de C\u00e1mpings y C.V. de Barcelona","robots":{"index":"noindex","follow":"follow","max-snippet":"max-snippet:-1","max-image-preview":"max-image-preview:large","max-video-preview":"max-video-preview:-1"},"og_locale":"es_ES","og_type":"article","og_title":"Sobre nosaltres - Associaci\u00f3n de C\u00e1mpings y C.V. de Barcelona","og_url":"https:\/\/3kd7.wp03.fastdigitalws.net\/es\/sobre-nosaltres\/","og_site_name":"Associaci\u00f3n de C\u00e1mpings y C.V. de Barcelona","article_modified_time":"2023-07-19T13:14:34+00:00","og_image":[{"width":1440,"height":880,"url":"http:\/\/3kd7.wp03.fastdigitalws.net\/wp-content\/uploads\/2023\/03\/img-header-home.jpg","type":"image\/jpeg"}],"twitter_card":"summary_large_image","twitter_misc":{"Tiempo de lectura":"7 minutos"},"schema":{"@context":"https:\/\/schema.org","@graph":[{"@type":"WebPage","@id":"https:\/\/3kd7.wp03.fastdigitalws.net\/es\/sobre-nosaltres\/","url":"https:\/\/3kd7.wp03.fastdigitalws.net\/es\/sobre-nosaltres\/","name":"Sobre nosaltres - Associaci\u00f3n de C\u00e1mpings y C.V. de Barcelona","isPartOf":{"@id":"https:\/\/3kd7.wp03.fastdigitalws.net\/es\/#website"},"datePublished":"2023-07-04T14:38:30+00:00","dateModified":"2023-07-19T13:14:34+00:00","breadcrumb":{"@id":"https:\/\/3kd7.wp03.fastdigitalws.net\/es\/sobre-nosaltres\/#breadcrumb"},"inLanguage":"es","potentialAction":[{"@type":"ReadAction","target":["https:\/\/3kd7.wp03.fastdigitalws.net\/es\/sobre-nosaltres\/"]}]},{"@type":"BreadcrumbList","@id":"https:\/\/3kd7.wp03.fastdigitalws.net\/es\/sobre-nosaltres\/#breadcrumb","itemListElement":[{"@type":"ListItem","position":1,"name":"Inici","item":"https:\/\/3kd7.wp03.fastdigitalws.net\/es\/"},{"@type":"ListItem","position":2,"name":"Sobre nosaltres"}]},{"@type":"WebSite","@id":"https:\/\/3kd7.wp03.fastdigitalws.net\/es\/#website","url":"https:\/\/3kd7.wp03.fastdigitalws.net\/es\/","name":"Associaci\u00f3n de C\u00e1mpings y C.V. de Barcelona","description":"","potentialAction":[{"@type":"SearchAction","target":{"@type":"EntryPoint","urlTemplate":"https:\/\/3kd7.wp03.fastdigitalws.net\/es\/?s={search_term_string}"},"query-input":"required name=search_term_string"}],"inLanguage":"es"}]}},"_links":{"self":[{"href":"https:\/\/3kd7.wp03.fastdigitalws.net\/es\/wp-json\/wp\/v2\/pages\/4117","targetHints":{"allow":["GET"]}}],"collection":[{"href":"https:\/\/3kd7.wp03.fastdigitalws.net\/es\/wp-json\/wp\/v2\/pages"}],"about":[{"href":"https:\/\/3kd7.wp03.fastdigitalws.net\/es\/wp-json\/wp\/v2\/types\/page"}],"author":[{"embeddable":true,"href":"https:\/\/3kd7.wp03.fastdigitalws.net\/es\/wp-json\/wp\/v2\/users\/2"}],"replies":[{"embeddable":true,"href":"https:\/\/3kd7.wp03.fastdigitalws.net\/es\/wp-json\/wp\/v2\/comments?post=4117"}],"version-history":[{"count":3,"href":"https:\/\/3kd7.wp03.fastdigitalws.net\/es\/wp-json\/wp\/v2\/pages\/4117\/revisions"}],"predecessor-version":[{"id":4336,"href":"https:\/\/3kd7.wp03.fastdigitalws.net\/es\/wp-json\/wp\/v2\/pages\/4117\/revisions\/4336"}],"wp:featuredmedia":[{"embeddable":true,"href":"https:\/\/3kd7.wp03.fastdigitalws.net\/es\/wp-json\/wp\/v2\/media\/224"}],"wp:attachment":[{"href":"https:\/\/3kd7.wp03.fastdigitalws.net\/es\/wp-json\/wp\/v2\/media?parent=4117"}],"curies":[{"name":"wp","href":"https:\/\/api.w.org\/{rel}","templated":true}]}}