{"id":3978,"date":"2023-04-05T13:33:39","date_gmt":"2023-04-05T11:33:39","guid":{"rendered":"https:\/\/3kd7.wp03.fastdigitalws.net\/blog\/"},"modified":"2023-07-12T11:01:12","modified_gmt":"2023-07-12T09:01:12","slug":"blog","status":"publish","type":"page","link":"https:\/\/3kd7.wp03.fastdigitalws.net\/es\/blog\/","title":{"rendered":"Blog"},"content":{"rendered":"<div class=\"fusion-fullwidth fullwidth-box fusion-builder-row-1 fusion-flex-container has-pattern-background has-mask-background nonhundred-percent-fullwidth non-hundred-percent-height-scrolling\" style=\"--awb-border-radius-top-left:0px;--awb-border-radius-top-right:0px;--awb-border-radius-bottom-right:0px;--awb-border-radius-bottom-left:0px;--awb-flex-wrap:wrap;\" ><div class=\"fusion-builder-row fusion-row fusion-flex-align-items-flex-start fusion-flex-content-wrap\" style=\"max-width:1248px;margin-left: calc(-4% \/ 2 );margin-right: calc(-4% \/ 2 );\"><div class=\"fusion-layout-column fusion_builder_column fusion-builder-column-0 fusion_builder_column_1_1 1_1 fusion-flex-column\" style=\"--awb-bg-size:cover;--awb-width-large:100%;--awb-margin-top-large:0px;--awb-spacing-right-large:1.92%;--awb-margin-bottom-large:20px;--awb-spacing-left-large:1.92%;--awb-width-medium:100%;--awb-order-medium:0;--awb-spacing-right-medium:1.92%;--awb-spacing-left-medium:1.92%;--awb-width-small:100%;--awb-order-small:0;--awb-spacing-right-small:1.92%;--awb-spacing-left-small:1.92%;\"><div class=\"fusion-column-wrapper fusion-column-has-shadow fusion-flex-justify-content-flex-start fusion-content-layout-column\"><div class=\"fusion-tagcloud-element fusion-tagcloud-1 \" style=\"--awb-margin-bottom:60px;--awb-alignment:flex-start;--awb-tags-spacing:10px;--awb-font-size:15px;--awb-border-radius-top-left:4px;--awb-border-radius-top-right:4px;--awb-border-radius-bottom-left:4px;--awb-border-radius-bottom-right:4px;--awb-arrows-border-radius-top-right:4px;--awb-arrows-border-radius-bottom-right:4px;--tag-color:rgba(255,255,255,0);--tag-text-color:var(--awb-color8);--tag-border-color:var(--awb-color1);--tag-color-hover:var(--awb-color6);--tag-text-color-hover:var(--awb-color5);--tag-border-color-hover:var(--awb-color6);\"><a href=\"https:\/\/3kd7.wp03.fastdigitalws.net\/es\/category\/nature-active-es\/\" class=\"tag-cloud-link tag-link-45 tag-link-position-1\" aria-label=\"Nature &amp; Active (2 elementos)\">Nature &amp; Active<\/a>\n<a href=\"https:\/\/3kd7.wp03.fastdigitalws.net\/es\/category\/sin-categorizar\/\" class=\"tag-cloud-link tag-link-9 tag-link-position-2\" aria-label=\"Sin categorizar (3 elementos)\">Sin categorizar<\/a><\/div><div class=\"fusion-blog-shortcode fusion-blog-shortcode-1 fusion-blog-archive fusion-blog-layout-grid-wrapper fusion-blog-infinite\" style=\"--awb-title-font-size:28px;--awb-title-line-height:var(--awb-typography2-line-height);--awb-title-letter-spacing:var(--awb-typography2-letter-spacing);--awb-title-text-transform:var(--awb-typography2-text-transform);--awb-timeline-title-font-size:14px;--awb-title-font-family:var(--awb-typography2-font-family);--awb-title-font-weight:var(--awb-typography2-font-weight);--awb-title-font-style:var(--awb-typography2-font-style);--awb-timeline-title-font-family:var(--awb-typography4-font-family);--awb-timeline-title-font-weight:var(--awb-typography4-font-weight);--awb-timeline-title-font-style:var(--awb-typography4-font-style);\"><style type=\"text\/css\">.fusion-blog-shortcode-1 .fusion-blog-layout-grid .fusion-post-grid{padding:20px;}.fusion-blog-shortcode-1 .fusion-posts-container{margin-left: -20px !important; margin-right:-20px !important;}<\/style><div class=\"fusion-posts-container fusion-posts-container-infinite fusion-no-meta-info fusion-blog-rollover fusion-blog-layout-grid fusion-blog-layout-grid-3 isotope fusion-blog-equal-heights\" data-pages=\"1\" data-grid-col-space=\"40\" style=\"margin: -20px -20px 0;min-height:500px;\"><article id=\"blog-1-post-4314\" class=\"fusion-post-grid post-4314 post type-post status-publish format-standard has-post-thumbnail hentry category-nature-active-es category-sin-categorizar\">\n<div class=\"fusion-post-wrapper\" style=\"background-color:var(--awb-color1);border:1px solid var(--awb-color1);border-bottom-width:3px;\">\n\n\t\t\t<div class=\"fusion-flexslider flexslider fusion-flexslider-loading fusion-post-slideshow\" style=\"border-color:var(--awb-color1);\">\n\t\t<ul class=\"slides\">\n\t\t\t\n\t\t\t\t\t\t\t\t\t\t\t\t\t\t<li><div  class=\"fusion-image-wrapper\" aria-haspopup=\"true\">\n\t\t\t\t<img decoding=\"async\" width=\"1000\" height=\"600\" src=\"https:\/\/3kd7.wp03.fastdigitalws.net\/wp-content\/uploads\/2023\/04\/Disseny-sense-titol-5.png\" class=\"attachment-full size-full lazyload wp-post-image\" alt=\"\" srcset=\"data:image\/svg+xml,%3Csvg%20xmlns%3D%27http%3A%2F%2Fwww.w3.org%2F2000%2Fsvg%27%20width%3D%271000%27%20height%3D%27600%27%20viewBox%3D%270%200%201000%20600%27%3E%3Crect%20width%3D%271000%27%20height%3D%27600%27%20fill-opacity%3D%220%22%2F%3E%3C%2Fsvg%3E\" data-orig-src=\"https:\/\/3kd7.wp03.fastdigitalws.net\/wp-content\/uploads\/2023\/04\/Disseny-sense-titol-5.png\" data-srcset=\"https:\/\/3kd7.wp03.fastdigitalws.net\/wp-content\/uploads\/2023\/04\/Disseny-sense-titol-5-200x120.png 200w, https:\/\/3kd7.wp03.fastdigitalws.net\/wp-content\/uploads\/2023\/04\/Disseny-sense-titol-5-400x240.png 400w, https:\/\/3kd7.wp03.fastdigitalws.net\/wp-content\/uploads\/2023\/04\/Disseny-sense-titol-5-600x360.png 600w, https:\/\/3kd7.wp03.fastdigitalws.net\/wp-content\/uploads\/2023\/04\/Disseny-sense-titol-5-800x480.png 800w, https:\/\/3kd7.wp03.fastdigitalws.net\/wp-content\/uploads\/2023\/04\/Disseny-sense-titol-5.png 1000w\" data-sizes=\"auto\" \/><div class=\"fusion-rollover\">\n\t<div class=\"fusion-rollover-content\">\n\n\t\t\t\t\n\t\t\n\t\t\t\t\t\t\t\t\t\t\t\t<h4 class=\"fusion-rollover-title\">\n\t\t\t\t\t<a class=\"fusion-rollover-title-link\" href=\"https:\/\/3kd7.wp03.fastdigitalws.net\/es\/5-pueblos-costeros-cerca-de-barcelona\/\">\n\t\t\t\t\t\t5 pueblos costeros cerca de Barcelona\t\t\t\t\t<\/a>\n\t\t\t\t<\/h4>\n\t\t\t\n\t\t\t\t\t\t\t\t\n\t\t\n\t\t\t\t\t\t<a class=\"fusion-link-wrapper\" href=\"https:\/\/3kd7.wp03.fastdigitalws.net\/es\/5-pueblos-costeros-cerca-de-barcelona\/\" aria-label=\"5 pueblos costeros cerca de Barcelona\"><\/a>\n\t<\/div>\n<\/div>\n<\/div>\n<\/li>\n\t\t\t\n\t\t\t\n\t\t\t\t\t\t\t\t\t\t\t\t\t\t\t\t\t\t\t\t\t\t\t\t\t\t\t\t\t\t\t\t\t\t\t\t\t\t\t\t\t\t\t\t\t\t\t\t\t\t\t\t\t\t\t\t\t\t\t\t\t\t\t\t\t\t\t\t<\/ul>\n\t<\/div>\n\t<div class=\"fusion-post-content-wrapper\" style=\"padding:30px 0 25px 0;\"><div class=\"fusion-post-content post-content\"><h4 class=\"blog-shortcode-post-title entry-title\">5 pueblos costeros cerca de Barcelona<\/h4><div class=\"fusion-post-content-container\"><p>La comarca de Barcelona es una privilegiada zona que combina la proximidad de la gran ciudad con la belleza de sus playas. Si est\u00e1s buscando pueblos costeros cerca de Barcelona donde disfrutar del sol y el mar, tienes suerte.<\/p><\/div><\/div><\/div><div class=\"fusion-clearfix\"><\/div><\/div>\n<\/article>\n<article id=\"blog-1-post-4317\" class=\"fusion-post-grid post-4317 post type-post status-publish format-standard has-post-thumbnail hentry category-sin-categorizar\">\n<div class=\"fusion-post-wrapper\" style=\"background-color:var(--awb-color1);border:1px solid var(--awb-color1);border-bottom-width:3px;\">\n\n\t\t\t<div class=\"fusion-flexslider flexslider fusion-flexslider-loading fusion-post-slideshow\" style=\"border-color:var(--awb-color1);\">\n\t\t<ul class=\"slides\">\n\t\t\t\n\t\t\t\t\t\t\t\t\t\t\t\t\t\t<li><div  class=\"fusion-image-wrapper\" aria-haspopup=\"true\">\n\t\t\t\t<img decoding=\"async\" width=\"1000\" height=\"600\" src=\"https:\/\/3kd7.wp03.fastdigitalws.net\/wp-content\/uploads\/2023\/04\/Disseny-sense-titol-4.png\" class=\"attachment-full size-full lazyload wp-post-image\" alt=\"\" srcset=\"data:image\/svg+xml,%3Csvg%20xmlns%3D%27http%3A%2F%2Fwww.w3.org%2F2000%2Fsvg%27%20width%3D%271000%27%20height%3D%27600%27%20viewBox%3D%270%200%201000%20600%27%3E%3Crect%20width%3D%271000%27%20height%3D%27600%27%20fill-opacity%3D%220%22%2F%3E%3C%2Fsvg%3E\" data-orig-src=\"https:\/\/3kd7.wp03.fastdigitalws.net\/wp-content\/uploads\/2023\/04\/Disseny-sense-titol-4.png\" data-srcset=\"https:\/\/3kd7.wp03.fastdigitalws.net\/wp-content\/uploads\/2023\/04\/Disseny-sense-titol-4-200x120.png 200w, https:\/\/3kd7.wp03.fastdigitalws.net\/wp-content\/uploads\/2023\/04\/Disseny-sense-titol-4-400x240.png 400w, https:\/\/3kd7.wp03.fastdigitalws.net\/wp-content\/uploads\/2023\/04\/Disseny-sense-titol-4-600x360.png 600w, https:\/\/3kd7.wp03.fastdigitalws.net\/wp-content\/uploads\/2023\/04\/Disseny-sense-titol-4-800x480.png 800w, https:\/\/3kd7.wp03.fastdigitalws.net\/wp-content\/uploads\/2023\/04\/Disseny-sense-titol-4.png 1000w\" data-sizes=\"auto\" \/><div class=\"fusion-rollover\">\n\t<div class=\"fusion-rollover-content\">\n\n\t\t\t\t\n\t\t\n\t\t\t\t\t\t\t\t\t\t\t\t<h4 class=\"fusion-rollover-title\">\n\t\t\t\t\t<a class=\"fusion-rollover-title-link\" href=\"https:\/\/3kd7.wp03.fastdigitalws.net\/es\/guia-completa-para-ir-de-acampada\/\">\n\t\t\t\t\t\tGu\u00eda completa para ir de acampada\t\t\t\t\t<\/a>\n\t\t\t\t<\/h4>\n\t\t\t\n\t\t\t\t\t\t\t\t\n\t\t\n\t\t\t\t\t\t<a class=\"fusion-link-wrapper\" href=\"https:\/\/3kd7.wp03.fastdigitalws.net\/es\/guia-completa-para-ir-de-acampada\/\" aria-label=\"Gu\u00eda completa para ir de acampada\"><\/a>\n\t<\/div>\n<\/div>\n<\/div>\n<\/li>\n\t\t\t\n\t\t\t\n\t\t\t\t\t\t\t\t\t\t\t\t\t\t\t\t\t\t\t\t\t\t\t\t\t\t\t\t\t\t\t\t\t\t\t\t\t\t\t\t\t\t\t\t\t\t\t\t\t\t\t\t\t\t\t\t\t\t\t\t\t\t\t\t\t\t\t\t<\/ul>\n\t<\/div>\n\t<div class=\"fusion-post-content-wrapper\" style=\"padding:30px 0 25px 0;\"><div class=\"fusion-post-content post-content\"><h4 class=\"blog-shortcode-post-title entry-title\">Gu\u00eda completa para ir de acampada<\/h4><div class=\"fusion-post-content-container\"><p>Ir de acampada es una experiencia maravillosa que te permite conectar con la naturaleza y gozar de libertad y aventura. Si te gusta el aire libre y est\u00e1s planeando una escapada, aqu\u00ed tienes una gu\u00eda completa con recomendaciones y consejos para asegurarte de que tengas una experiencia de camping inolvidable.<\/p><\/div><\/div><\/div><div class=\"fusion-clearfix\"><\/div><\/div>\n<\/article>\n<article id=\"blog-1-post-4320\" class=\"fusion-post-grid post-4320 post type-post status-publish format-standard has-post-thumbnail hentry category-nature-active-es category-sin-categorizar\">\n<div class=\"fusion-post-wrapper\" style=\"background-color:var(--awb-color1);border:1px solid var(--awb-color1);border-bottom-width:3px;\">\n\n\t\t\t<div class=\"fusion-flexslider flexslider fusion-flexslider-loading fusion-post-slideshow\" style=\"border-color:var(--awb-color1);\">\n\t\t<ul class=\"slides\">\n\t\t\t\n\t\t\t\t\t\t\t\t\t\t\t\t\t\t<li><div  class=\"fusion-image-wrapper\" aria-haspopup=\"true\">\n\t\t\t\t<img decoding=\"async\" width=\"1000\" height=\"600\" src=\"https:\/\/3kd7.wp03.fastdigitalws.net\/wp-content\/uploads\/2023\/03\/Disseny-sense-titol-3.png\" class=\"attachment-full size-full lazyload wp-post-image\" alt=\"\" srcset=\"data:image\/svg+xml,%3Csvg%20xmlns%3D%27http%3A%2F%2Fwww.w3.org%2F2000%2Fsvg%27%20width%3D%271000%27%20height%3D%27600%27%20viewBox%3D%270%200%201000%20600%27%3E%3Crect%20width%3D%271000%27%20height%3D%27600%27%20fill-opacity%3D%220%22%2F%3E%3C%2Fsvg%3E\" data-orig-src=\"https:\/\/3kd7.wp03.fastdigitalws.net\/wp-content\/uploads\/2023\/03\/Disseny-sense-titol-3.png\" data-srcset=\"https:\/\/3kd7.wp03.fastdigitalws.net\/wp-content\/uploads\/2023\/03\/Disseny-sense-titol-3-200x120.png 200w, https:\/\/3kd7.wp03.fastdigitalws.net\/wp-content\/uploads\/2023\/03\/Disseny-sense-titol-3-400x240.png 400w, https:\/\/3kd7.wp03.fastdigitalws.net\/wp-content\/uploads\/2023\/03\/Disseny-sense-titol-3-600x360.png 600w, https:\/\/3kd7.wp03.fastdigitalws.net\/wp-content\/uploads\/2023\/03\/Disseny-sense-titol-3-800x480.png 800w, https:\/\/3kd7.wp03.fastdigitalws.net\/wp-content\/uploads\/2023\/03\/Disseny-sense-titol-3.png 1000w\" data-sizes=\"auto\" \/><div class=\"fusion-rollover\">\n\t<div class=\"fusion-rollover-content\">\n\n\t\t\t\t\n\t\t\n\t\t\t\t\t\t\t\t\t\t\t\t<h4 class=\"fusion-rollover-title\">\n\t\t\t\t\t<a class=\"fusion-rollover-title-link\" href=\"https:\/\/3kd7.wp03.fastdigitalws.net\/es\/5-motivos-para-ir-de-vacaciones-a-un-camping-de-barcelona\/\">\n\t\t\t\t\t\t5 motivos para ir de vacaciones a un camping de Barcelona\t\t\t\t\t<\/a>\n\t\t\t\t<\/h4>\n\t\t\t\n\t\t\t\t\t\t\t\t\n\t\t\n\t\t\t\t\t\t<a class=\"fusion-link-wrapper\" href=\"https:\/\/3kd7.wp03.fastdigitalws.net\/es\/5-motivos-para-ir-de-vacaciones-a-un-camping-de-barcelona\/\" aria-label=\"5 motivos para ir de vacaciones a un camping de Barcelona\"><\/a>\n\t<\/div>\n<\/div>\n<\/div>\n<\/li>\n\t\t\t\n\t\t\t\n\t\t\t\t\t\t\t\t\t\t\t\t\t\t\t\t\t\t\t\t\t\t\t\t\t\t\t\t\t\t\t\t\t\t\t\t\t\t\t\t\t\t\t\t\t\t\t\t\t\t\t\t\t\t\t\t\t\t\t\t\t\t\t\t\t\t\t\t<\/ul>\n\t<\/div>\n\t<div class=\"fusion-post-content-wrapper\" style=\"padding:30px 0 25px 0;\"><div class=\"fusion-post-content post-content\"><h4 class=\"blog-shortcode-post-title entry-title\">5 motivos para ir de vacaciones a un camping de Barcelona<\/h4><div class=\"fusion-post-content-container\"><p>Las vacaciones de verano son el momento perfecto para escapar de la rutina diaria y sumergirte en un entorno natural y relajante. Barcelona, una ciudad conocida por su belleza y cultura, tambi\u00e9n alberga una gran cantidad de campings que ofrecen experiencias \u00fanicas para disfrutar al m\u00e1ximo de las vacaciones. Os presentamos cinco motivos por los que un camping en Barcelona es la elecci\u00f3n ideal para sus vacaciones de verano!<\/p><\/div><\/div><\/div><div class=\"fusion-clearfix\"><\/div><\/div>\n<\/article>\n<div class=\"fusion-clearfix\"><\/div><\/div><\/div><\/div><\/div><\/div><\/div>\n","protected":false},"excerpt":{"rendered":"","protected":false},"author":2,"featured_media":0,"parent":0,"menu_order":0,"comment_status":"closed","ping_status":"closed","template":"100-width.php","meta":{"footnotes":""},"class_list":["post-3978","page","type-page","status-publish","hentry"],"acf":[],"yoast_head":"<!-- This site is optimized with the Yoast SEO plugin v20.11 - https:\/\/yoast.com\/wordpress\/plugins\/seo\/ -->\n<title>Blog - Associaci\u00f3n de C\u00e1mpings y C.V. de Barcelona<\/title>\n<meta name=\"robots\" content=\"noindex, follow, max-snippet:-1, max-image-preview:large, max-video-preview:-1\" \/>\n<meta property=\"og:locale\" content=\"es_ES\" \/>\n<meta property=\"og:type\" content=\"article\" \/>\n<meta property=\"og:title\" content=\"Blog - Associaci\u00f3n de C\u00e1mpings y C.V. de Barcelona\" \/>\n<meta property=\"og:url\" content=\"https:\/\/3kd7.wp03.fastdigitalws.net\/es\/blog\/\" \/>\n<meta property=\"og:site_name\" content=\"Associaci\u00f3n de C\u00e1mpings y C.V. de Barcelona\" \/>\n<meta property=\"article:modified_time\" content=\"2023-07-12T09:01:12+00:00\" \/>\n<meta name=\"twitter:card\" content=\"summary_large_image\" \/>\n<meta name=\"twitter:label1\" content=\"Tiempo de lectura\" \/>\n\t<meta name=\"twitter:data1\" content=\"6 minutos\" \/>\n<script type=\"application\/ld+json\" class=\"yoast-schema-graph\">{\"@context\":\"https:\/\/schema.org\",\"@graph\":[{\"@type\":\"WebPage\",\"@id\":\"https:\/\/3kd7.wp03.fastdigitalws.net\/es\/blog\/\",\"url\":\"https:\/\/3kd7.wp03.fastdigitalws.net\/es\/blog\/\",\"name\":\"Blog - Associaci\u00f3n de C\u00e1mpings y C.V. de Barcelona\",\"isPartOf\":{\"@id\":\"https:\/\/3kd7.wp03.fastdigitalws.net\/es\/#website\"},\"datePublished\":\"2023-04-05T11:33:39+00:00\",\"dateModified\":\"2023-07-12T09:01:12+00:00\",\"breadcrumb\":{\"@id\":\"https:\/\/3kd7.wp03.fastdigitalws.net\/es\/blog\/#breadcrumb\"},\"inLanguage\":\"es\",\"potentialAction\":[{\"@type\":\"ReadAction\",\"target\":[\"https:\/\/3kd7.wp03.fastdigitalws.net\/es\/blog\/\"]}]},{\"@type\":\"BreadcrumbList\",\"@id\":\"https:\/\/3kd7.wp03.fastdigitalws.net\/es\/blog\/#breadcrumb\",\"itemListElement\":[{\"@type\":\"ListItem\",\"position\":1,\"name\":\"Inici\",\"item\":\"https:\/\/3kd7.wp03.fastdigitalws.net\/es\/\"},{\"@type\":\"ListItem\",\"position\":2,\"name\":\"Blog\"}]},{\"@type\":\"WebSite\",\"@id\":\"https:\/\/3kd7.wp03.fastdigitalws.net\/es\/#website\",\"url\":\"https:\/\/3kd7.wp03.fastdigitalws.net\/es\/\",\"name\":\"Associaci\u00f3n de C\u00e1mpings y C.V. de Barcelona\",\"description\":\"\",\"potentialAction\":[{\"@type\":\"SearchAction\",\"target\":{\"@type\":\"EntryPoint\",\"urlTemplate\":\"https:\/\/3kd7.wp03.fastdigitalws.net\/es\/?s={search_term_string}\"},\"query-input\":\"required name=search_term_string\"}],\"inLanguage\":\"es\"}]}<\/script>\n<!-- \/ Yoast SEO plugin. -->","yoast_head_json":{"title":"Blog - Associaci\u00f3n de C\u00e1mpings y C.V. de Barcelona","robots":{"index":"noindex","follow":"follow","max-snippet":"max-snippet:-1","max-image-preview":"max-image-preview:large","max-video-preview":"max-video-preview:-1"},"og_locale":"es_ES","og_type":"article","og_title":"Blog - Associaci\u00f3n de C\u00e1mpings y C.V. de Barcelona","og_url":"https:\/\/3kd7.wp03.fastdigitalws.net\/es\/blog\/","og_site_name":"Associaci\u00f3n de C\u00e1mpings y C.V. de Barcelona","article_modified_time":"2023-07-12T09:01:12+00:00","twitter_card":"summary_large_image","twitter_misc":{"Tiempo de lectura":"6 minutos"},"schema":{"@context":"https:\/\/schema.org","@graph":[{"@type":"WebPage","@id":"https:\/\/3kd7.wp03.fastdigitalws.net\/es\/blog\/","url":"https:\/\/3kd7.wp03.fastdigitalws.net\/es\/blog\/","name":"Blog - Associaci\u00f3n de C\u00e1mpings y C.V. de Barcelona","isPartOf":{"@id":"https:\/\/3kd7.wp03.fastdigitalws.net\/es\/#website"},"datePublished":"2023-04-05T11:33:39+00:00","dateModified":"2023-07-12T09:01:12+00:00","breadcrumb":{"@id":"https:\/\/3kd7.wp03.fastdigitalws.net\/es\/blog\/#breadcrumb"},"inLanguage":"es","potentialAction":[{"@type":"ReadAction","target":["https:\/\/3kd7.wp03.fastdigitalws.net\/es\/blog\/"]}]},{"@type":"BreadcrumbList","@id":"https:\/\/3kd7.wp03.fastdigitalws.net\/es\/blog\/#breadcrumb","itemListElement":[{"@type":"ListItem","position":1,"name":"Inici","item":"https:\/\/3kd7.wp03.fastdigitalws.net\/es\/"},{"@type":"ListItem","position":2,"name":"Blog"}]},{"@type":"WebSite","@id":"https:\/\/3kd7.wp03.fastdigitalws.net\/es\/#website","url":"https:\/\/3kd7.wp03.fastdigitalws.net\/es\/","name":"Associaci\u00f3n de C\u00e1mpings y C.V. de Barcelona","description":"","potentialAction":[{"@type":"SearchAction","target":{"@type":"EntryPoint","urlTemplate":"https:\/\/3kd7.wp03.fastdigitalws.net\/es\/?s={search_term_string}"},"query-input":"required name=search_term_string"}],"inLanguage":"es"}]}},"_links":{"self":[{"href":"https:\/\/3kd7.wp03.fastdigitalws.net\/es\/wp-json\/wp\/v2\/pages\/3978","targetHints":{"allow":["GET"]}}],"collection":[{"href":"https:\/\/3kd7.wp03.fastdigitalws.net\/es\/wp-json\/wp\/v2\/pages"}],"about":[{"href":"https:\/\/3kd7.wp03.fastdigitalws.net\/es\/wp-json\/wp\/v2\/types\/page"}],"author":[{"embeddable":true,"href":"https:\/\/3kd7.wp03.fastdigitalws.net\/es\/wp-json\/wp\/v2\/users\/2"}],"replies":[{"embeddable":true,"href":"https:\/\/3kd7.wp03.fastdigitalws.net\/es\/wp-json\/wp\/v2\/comments?post=3978"}],"version-history":[{"count":2,"href":"https:\/\/3kd7.wp03.fastdigitalws.net\/es\/wp-json\/wp\/v2\/pages\/3978\/revisions"}],"predecessor-version":[{"id":3980,"href":"https:\/\/3kd7.wp03.fastdigitalws.net\/es\/wp-json\/wp\/v2\/pages\/3978\/revisions\/3980"}],"wp:attachment":[{"href":"https:\/\/3kd7.wp03.fastdigitalws.net\/es\/wp-json\/wp\/v2\/media?parent=3978"}],"curies":[{"name":"wp","href":"https:\/\/api.w.org\/{rel}","templated":true}]}}